{"id":34,"date":"2022-08-04T12:50:04","date_gmt":"2022-08-04T12:50:04","guid":{"rendered":"http:\/\/hauptschule-heidenoldendorf.de\/?page_id=34"},"modified":"2022-11-12T14:31:50","modified_gmt":"2022-11-12T14:31:50","slug":"iserv","status":"publish","type":"page","link":"http:\/\/hauptschule-heidenoldendorf.de\/?page_id=34","title":{"rendered":"IServ"},"content":{"rendered":"\t\t<div data-elementor-type=\"wp-page\" data-elementor-id=\"34\" class=\"elementor elementor-34\">\n\t\t\t\t\t\t\t\t\t<section class=\"elementor-section elementor-top-section elementor-element elementor-element-443dd47 elementor-section-boxed elementor-section-height-default elementor-section-height-default\" data-id=\"443dd47\" data-element_type=\"section\">\n\t\t\t\t\t\t<div class=\"elementor-container elementor-column-gap-default\">\n\t\t\t\t\t<div class=\"elementor-column elementor-col-100 elementor-top-column elementor-element elementor-element-efc014f\" data-id=\"efc014f\" data-element_type=\"column\">\n\t\t\t<div class=\"elementor-widget-wrap elementor-element-populated\">\n\t\t\t\t\t\t\t\t<section class=\"elementor-section elementor-inner-section elementor-element elementor-element-6d64d45 elementor-section-boxed elementor-section-height-default elementor-section-height-default\" data-id=\"6d64d45\" data-element_type=\"section\">\n\t\t\t\t\t\t<div class=\"elementor-container elementor-column-gap-default\">\n\t\t\t\t\t<div class=\"elementor-column elementor-col-50 elementor-inner-column elementor-element elementor-element-fe36b50\" data-id=\"fe36b50\" data-element_type=\"column\">\n\t\t\t<div class=\"elementor-widget-wrap elementor-element-populated\">\n\t\t\t\t\t\t\t\t<div class=\"elementor-element elementor-element-0383b5a elementor-widget elementor-widget-text-editor\" data-id=\"0383b5a\" data-element_type=\"widget\" data-widget_type=\"text-editor.default\">\n\t\t\t\t<div class=\"elementor-widget-container\">\n\t\t\t<style>\/*! elementor - v3.6.8 - 27-07-2022 *\/\n.elementor-widget-text-editor.elementor-drop-cap-view-stacked .elementor-drop-cap{background-color:#818a91;color:#fff}.elementor-widget-text-editor.elementor-drop-cap-view-framed .elementor-drop-cap{color:#818a91;border:3px solid;background-color:transparent}.elementor-widget-text-editor:not(.elementor-drop-cap-view-default) .elementor-drop-cap{margin-top:8px}.elementor-widget-text-editor:not(.elementor-drop-cap-view-default) .elementor-drop-cap-letter{width:1em;height:1em}.elementor-widget-text-editor .elementor-drop-cap{float:left;text-align:center;line-height:1;font-size:50px}.elementor-widget-text-editor .elementor-drop-cap-letter{display:inline-block}<\/style>\t\t\t\t<p>IServ ist unser schulinternes Serversystem. Hier bekommen unsere Sch\u00fcler und Mitarbeiter wichtige Informationen rund um den Schulalltag. Es enth\u00e4lt zum Beispiel einen Terminkalender und einen eigenen Dateienbereich f\u00fcr jeden Nutzer.<\/p><p>Das System bietet au\u00dferdem die M\u00f6glichkeit, mit allen Beteiligten im Schulleben direkt in Kontakt zu treten \u00fcber die E-Mail Funktion oder den Messenger.<\/p><p>Hier gibt es einen <a href=\"http:\/\/hauptschule-heidenoldendorf.de\/?page_id=35\">Leitfaden<\/a> f\u00fcr die wichtigsten Funktionen und den Link f\u00fcr den <a href=\"http:\/\/www.hsh-dt.de\" target=\"_blank\" rel=\"noopener\">Login<\/a>.<\/p>\t\t\t\t\t\t<\/div>\n\t\t\t\t<\/div>\n\t\t\t\t\t<\/div>\n\t\t<\/div>\n\t\t\t\t<div class=\"elementor-column elementor-col-50 elementor-inner-column elementor-element elementor-element-7e1ea76\" data-id=\"7e1ea76\" data-element_type=\"column\">\n\t\t\t<div class=\"elementor-widget-wrap elementor-element-populated\">\n\t\t\t\t\t\t\t\t<div class=\"elementor-element elementor-element-8bcbf89 elementor-widget elementor-widget-image\" data-id=\"8bcbf89\" data-element_type=\"widget\" data-widget_type=\"image.default\">\n\t\t\t\t<div class=\"elementor-widget-container\">\n\t\t\t<style>\/*! elementor - v3.6.8 - 27-07-2022 *\/\n.elementor-widget-image{text-align:center}.elementor-widget-image a{display:inline-block}.elementor-widget-image a img[src$=\".svg\"]{width:48px}.elementor-widget-image img{vertical-align:middle;display:inline-block}<\/style>\t\t\t\t\t\t\t\t\t\t\t\t<img width=\"531\" height=\"727\" src=\"http:\/\/hauptschule-heidenoldendorf.de\/wp-content\/uploads\/2022\/08\/IServ.jpg\" class=\"attachment-large size-large\" alt=\"\" loading=\"lazy\" srcset=\"http:\/\/hauptschule-heidenoldendorf.de\/wp-content\/uploads\/2022\/08\/IServ.jpg 531w, http:\/\/hauptschule-heidenoldendorf.de\/wp-content\/uploads\/2022\/08\/IServ-219x300.jpg 219w\" sizes=\"(max-width: 531px) 100vw, 531px\" \/>\t\t\t\t\t\t\t\t\t\t\t\t\t\t\t<\/div>\n\t\t\t\t<\/div>\n\t\t\t\t\t<\/div>\n\t\t<\/div>\n\t\t\t\t\t\t\t<\/div>\n\t\t<\/section>\n\t\t\t\t\t<\/div>\n\t\t<\/div>\n\t\t\t\t\t\t\t<\/div>\n\t\t<\/section>\n\t\t\t\t\t\t\t<\/div>\n\t\t","protected":false},"excerpt":{"rendered":"<p>IServ ist unser schulinternes Serversystem. Hier bekommen unsere Sch\u00fcler und Mitarbeiter wichtige Informationen rund um den Schulalltag. Es enth\u00e4lt zum Beispiel einen Terminkalender und einen eigenen Dateienbereich f\u00fcr jeden Nutzer. Das System bietet au\u00dferdem die M\u00f6glichkeit, mit allen Beteiligten im Schulleben direkt in Kontakt zu treten \u00fcber die E-Mail Funktion oder den Messenger. Hier gibt es einen Leitfaden f\u00fcr die wichtigsten Funktionen und den Link f\u00fcr den Login.<\/p>\n","protected":false},"author":1,"featured_media":0,"parent":0,"menu_order":0,"comment_status":"closed","ping_status":"closed","template":"","meta":[],"_links":{"self":[{"href":"http:\/\/hauptschule-heidenoldendorf.de\/index.php?rest_route=\/wp\/v2\/pages\/34"}],"collection":[{"href":"http:\/\/hauptschule-heidenoldendorf.de\/index.php?rest_route=\/wp\/v2\/pages"}],"about":[{"href":"http:\/\/hauptschule-heidenoldendorf.de\/index.php?rest_route=\/wp\/v2\/types\/page"}],"author":[{"embeddable":true,"href":"http:\/\/hauptschule-heidenoldendorf.de\/index.php?rest_route=\/wp\/v2\/users\/1"}],"replies":[{"embeddable":true,"href":"http:\/\/hauptschule-heidenoldendorf.de\/index.php?rest_route=%2Fwp%2Fv2%2Fcomments&post=34"}],"version-history":[{"count":7,"href":"http:\/\/hauptschule-heidenoldendorf.de\/index.php?rest_route=\/wp\/v2\/pages\/34\/revisions"}],"predecessor-version":[{"id":434,"href":"http:\/\/hauptschule-heidenoldendorf.de\/index.php?rest_route=\/wp\/v2\/pages\/34\/revisions\/434"}],"wp:attachment":[{"href":"http:\/\/hauptschule-heidenoldendorf.de\/index.php?rest_route=%2Fwp%2Fv2%2Fmedia&parent=34"}],"curies":[{"name":"wp","href":"https:\/\/api.w.org\/{rel}","templated":true}]}}