{"id":33,"date":"2022-08-04T12:50:04","date_gmt":"2022-08-04T12:50:04","guid":{"rendered":"http:\/\/hauptschule-heidenoldendorf.de\/?page_id=33"},"modified":"2026-04-19T11:40:14","modified_gmt":"2026-04-19T11:40:14","slug":"berebs","status":"publish","type":"page","link":"http:\/\/hauptschule-heidenoldendorf.de\/?page_id=33","title":{"rendered":"BerEBs"},"content":{"rendered":"\t\t<div data-elementor-type=\"wp-page\" data-elementor-id=\"33\" class=\"elementor elementor-33\">\n\t\t\t\t\t\t\t\t\t<section class=\"elementor-section elementor-top-section elementor-element elementor-element-bcc157f elementor-section-boxed elementor-section-height-default elementor-section-height-default\" data-id=\"bcc157f\" data-element_type=\"section\">\n\t\t\t\t\t\t<div class=\"elementor-container elementor-column-gap-default\">\n\t\t\t\t\t<div class=\"elementor-column elementor-col-100 elementor-top-column elementor-element elementor-element-7f6740b\" data-id=\"7f6740b\" data-element_type=\"column\">\n\t\t\t<div class=\"elementor-widget-wrap elementor-element-populated\">\n\t\t\t\t\t\t\t\t<div class=\"elementor-element elementor-element-e8b76f6 elementor-widget elementor-widget-text-editor\" data-id=\"e8b76f6\" data-element_type=\"widget\" data-widget_type=\"text-editor.default\">\n\t\t\t\t<div class=\"elementor-widget-container\">\n\t\t\t<style>\/*! elementor - v3.6.8 - 27-07-2022 *\/\n.elementor-widget-text-editor.elementor-drop-cap-view-stacked .elementor-drop-cap{background-color:#818a91;color:#fff}.elementor-widget-text-editor.elementor-drop-cap-view-framed .elementor-drop-cap{color:#818a91;border:3px solid;background-color:transparent}.elementor-widget-text-editor:not(.elementor-drop-cap-view-default) .elementor-drop-cap{margin-top:8px}.elementor-widget-text-editor:not(.elementor-drop-cap-view-default) .elementor-drop-cap-letter{width:1em;height:1em}.elementor-widget-text-editor .elementor-drop-cap{float:left;text-align:center;line-height:1;font-size:50px}.elementor-widget-text-editor .elementor-drop-cap-letter{display:inline-block}<\/style>\t\t\t\t<p>Die Berufseistiegsbegleitung unterst\u00fctzt unsere Sch\u00fcler beim Erreichen des Schulabschlusses, beim Finden eines passenden Berufes, bei der Ausbildungsstellensuche und beim Bewerbungsverfahren und au\u00dferdem weiterhin im ersten Ausbildungsjahr.<\/p><p>Verschiedene Berufsberater legen gemeinsam mit dem Sch\u00fcler fest, wie diese Unterst\u00fctzung aussieht. Unterst\u00fctzt wird dies durch das Bundesministerium f\u00fcr Bildung und Forschung (BMBF), die Agentur f\u00fcr Arbeit und den Europ\u00e4ischen Sozialfonds (ESF).<\/p>\t\t\t\t\t\t<\/div>\n\t\t\t\t<\/div>\n\t\t\t\t\t<\/div>\n\t\t<\/div>\n\t\t\t\t\t\t\t<\/div>\n\t\t<\/section>\n\t\t\t\t\t\t\t<\/div>\n\t\t","protected":false},"excerpt":{"rendered":"<p>Die Berufseistiegsbegleitung unterst\u00fctzt unsere Sch\u00fcler beim Erreichen des Schulabschlusses, beim Finden eines passenden Berufes, bei der Ausbildungsstellensuche und beim Bewerbungsverfahren und au\u00dferdem weiterhin im ersten Ausbildungsjahr. Verschiedene Berufsberater legen gemeinsam mit dem Sch\u00fcler fest, wie diese Unterst\u00fctzung aussieht. Unterst\u00fctzt wird dies durch das Bundesministerium f\u00fcr Bildung und Forschung (BMBF), die Agentur f\u00fcr Arbeit und den Europ\u00e4ischen Sozialfonds (ESF).<\/p>\n","protected":false},"author":1,"featured_media":0,"parent":0,"menu_order":0,"comment_status":"closed","ping_status":"closed","template":"","meta":[],"_links":{"self":[{"href":"http:\/\/hauptschule-heidenoldendorf.de\/index.php?rest_route=\/wp\/v2\/pages\/33"}],"collection":[{"href":"http:\/\/hauptschule-heidenoldendorf.de\/index.php?rest_route=\/wp\/v2\/pages"}],"about":[{"href":"http:\/\/hauptschule-heidenoldendorf.de\/index.php?rest_route=\/wp\/v2\/types\/page"}],"author":[{"embeddable":true,"href":"http:\/\/hauptschule-heidenoldendorf.de\/index.php?rest_route=\/wp\/v2\/users\/1"}],"replies":[{"embeddable":true,"href":"http:\/\/hauptschule-heidenoldendorf.de\/index.php?rest_route=%2Fwp%2Fv2%2Fcomments&post=33"}],"version-history":[{"count":25,"href":"http:\/\/hauptschule-heidenoldendorf.de\/index.php?rest_route=\/wp\/v2\/pages\/33\/revisions"}],"predecessor-version":[{"id":1328,"href":"http:\/\/hauptschule-heidenoldendorf.de\/index.php?rest_route=\/wp\/v2\/pages\/33\/revisions\/1328"}],"wp:attachment":[{"href":"http:\/\/hauptschule-heidenoldendorf.de\/index.php?rest_route=%2Fwp%2Fv2%2Fmedia&parent=33"}],"curies":[{"name":"wp","href":"https:\/\/api.w.org\/{rel}","templated":true}]}}