{"id":32,"date":"2022-08-04T12:50:04","date_gmt":"2022-08-04T12:50:04","guid":{"rendered":"http:\/\/hauptschule-heidenoldendorf.de\/?page_id=32"},"modified":"2022-11-09T19:37:53","modified_gmt":"2022-11-09T19:37:53","slug":"klassen-und-schulregeln","status":"publish","type":"page","link":"http:\/\/hauptschule-heidenoldendorf.de\/?page_id=32","title":{"rendered":"Klassen- und Schulregeln"},"content":{"rendered":"\t\t<div data-elementor-type=\"wp-page\" data-elementor-id=\"32\" class=\"elementor elementor-32\">\n\t\t\t\t\t\t\t\t\t<section class=\"elementor-section elementor-top-section elementor-element elementor-element-1b07f84 elementor-section-boxed elementor-section-height-default elementor-section-height-default\" data-id=\"1b07f84\" data-element_type=\"section\">\n\t\t\t\t\t\t<div class=\"elementor-container elementor-column-gap-default\">\n\t\t\t\t\t<div class=\"elementor-column elementor-col-100 elementor-top-column elementor-element elementor-element-c59bf63\" data-id=\"c59bf63\" data-element_type=\"column\">\n\t\t\t<div class=\"elementor-widget-wrap elementor-element-populated\">\n\t\t\t\t\t\t\t\t<section class=\"elementor-section elementor-inner-section elementor-element elementor-element-c4d2ec3 elementor-section-boxed elementor-section-height-default elementor-section-height-default\" data-id=\"c4d2ec3\" data-element_type=\"section\">\n\t\t\t\t\t\t<div class=\"elementor-container elementor-column-gap-default\">\n\t\t\t\t\t<div class=\"elementor-column elementor-col-50 elementor-inner-column elementor-element elementor-element-71101ae\" data-id=\"71101ae\" data-element_type=\"column\">\n\t\t\t<div class=\"elementor-widget-wrap elementor-element-populated\">\n\t\t\t\t\t\t\t\t<div class=\"elementor-element elementor-element-bc72135 elementor-widget elementor-widget-image\" data-id=\"bc72135\" data-element_type=\"widget\" data-widget_type=\"image.default\">\n\t\t\t\t<div class=\"elementor-widget-container\">\n\t\t\t<style>\/*! elementor - v3.6.8 - 27-07-2022 *\/\n.elementor-widget-image{text-align:center}.elementor-widget-image a{display:inline-block}.elementor-widget-image a img[src$=\".svg\"]{width:48px}.elementor-widget-image img{vertical-align:middle;display:inline-block}<\/style>\t\t\t\t\t\t\t\t\t\t\t\t<img src=\"http:\/\/hauptschule-heidenoldendorf.de\/wp-content\/uploads\/elementor\/thumbs\/Bild1-pxh07c2qnhd28izkuaeh2ra2pvuz0s3ffe5dh1s1m2.jpg\" title=\"Bild1\" alt=\"Bild1\" \/>\t\t\t\t\t\t\t\t\t\t\t\t\t\t\t<\/div>\n\t\t\t\t<\/div>\n\t\t\t\t<div class=\"elementor-element elementor-element-74d0723 elementor-widget elementor-widget-text-editor\" data-id=\"74d0723\" data-element_type=\"widget\" data-widget_type=\"text-editor.default\">\n\t\t\t\t<div class=\"elementor-widget-container\">\n\t\t\t<style>\/*! elementor - v3.6.8 - 27-07-2022 *\/\n.elementor-widget-text-editor.elementor-drop-cap-view-stacked .elementor-drop-cap{background-color:#818a91;color:#fff}.elementor-widget-text-editor.elementor-drop-cap-view-framed .elementor-drop-cap{color:#818a91;border:3px solid;background-color:transparent}.elementor-widget-text-editor:not(.elementor-drop-cap-view-default) .elementor-drop-cap{margin-top:8px}.elementor-widget-text-editor:not(.elementor-drop-cap-view-default) .elementor-drop-cap-letter{width:1em;height:1em}.elementor-widget-text-editor .elementor-drop-cap{float:left;text-align:center;line-height:1;font-size:50px}.elementor-widget-text-editor .elementor-drop-cap-letter{display:inline-block}<\/style>\t\t\t\t<p><strong><u>In unserer Klasse gelten 3 Hauptregeln<\/u><\/strong><\/p><ol><li><strong>Jeder Sch\u00fcler und jede Sch\u00fclerin hat das Recht ungest\u00f6rt zu lernen.<\/strong><\/li><li><strong>Jeder Lehrer und jede Lehrerin hat das Recht ungest\u00f6rt zu unterrichten.<\/strong><\/li><li><strong>Jeder muss die Rechte der anderen respektieren.<\/strong><\/li><\/ol><p><strong><u>Daraus folgen Regeln, die unsere 3 Hauptregeln erkl\u00e4ren:<\/u><\/strong><\/p><ol><li>Ich erscheine p\u00fcnktlich zum Unterricht.<\/li><li>Ich nehme meine Cap oder M\u00fctze ab und ziehe meine Jacke aus.<\/li><li>Ich halte meine Unterrichtsmaterialien bereit.<\/li><li>Ich packe die Dinge (auch Handy, Kopfh\u00f6rer usw.), die nicht zum Unterricht geh\u00f6ren, in meine Tasche.<\/li><li>Ich passe im Unterricht auf und h\u00f6re zu, wenn andere sprechen.<\/li><li>Ich melde mich, wenn ich etwas sagen m\u00f6chte, und warte, bis ich aufgerufen werde.<\/li><li>Ich bleibe w\u00e4hrend des Unterrichts auf meinem Platz sitzen.<\/li><li>Ich spreche h\u00f6flich und beleidige niemanden.<\/li><li>Ich gehe r\u00fccksichtsvoll mit anderen um und lache niemanden aus.<\/li><li>Ich befolge die Anweisungen des Lehrers oder der Lehrerin.<\/li><li>Ich esse nicht im Unterricht und kaue kein Kaugummi. Wenn ich w\u00e4hrend des Unterrichts Durst bekomme, trinke ich Wasser.<\/li><li>Ich achte das Eigentum anderer.<\/li><li>Ich verbringe die Wechselpausen in der Klasse, wenn wir den Klassenraum nicht wechseln.<\/li><li>Ich f\u00fchre Ordnungsdienste und Klassendienste gewissenhaft aus.<\/li><li>Im Unterricht spreche ich deutsch.<\/li><\/ol>\t\t\t\t\t\t<\/div>\n\t\t\t\t<\/div>\n\t\t\t\t\t<\/div>\n\t\t<\/div>\n\t\t\t\t<div class=\"elementor-column elementor-col-50 elementor-inner-column elementor-element elementor-element-89dbe87\" data-id=\"89dbe87\" data-element_type=\"column\">\n\t\t\t<div class=\"elementor-widget-wrap elementor-element-populated\">\n\t\t\t\t\t\t\t\t<div class=\"elementor-element elementor-element-69cafa9 elementor-widget elementor-widget-image\" data-id=\"69cafa9\" data-element_type=\"widget\" data-widget_type=\"image.default\">\n\t\t\t\t<div class=\"elementor-widget-container\">\n\t\t\t\t\t\t\t\t\t\t\t\t\t\t\t<img width=\"715\" height=\"1024\" src=\"http:\/\/hauptschule-heidenoldendorf.de\/wp-content\/uploads\/2022\/11\/ausfuehrliche-Schulordnung-715x1024.jpg\" class=\"attachment-large size-large\" alt=\"\" loading=\"lazy\" srcset=\"http:\/\/hauptschule-heidenoldendorf.de\/wp-content\/uploads\/2022\/11\/ausfuehrliche-Schulordnung-715x1024.jpg 715w, http:\/\/hauptschule-heidenoldendorf.de\/wp-content\/uploads\/2022\/11\/ausfuehrliche-Schulordnung-209x300.jpg 209w, http:\/\/hauptschule-heidenoldendorf.de\/wp-content\/uploads\/2022\/11\/ausfuehrliche-Schulordnung-768x1100.jpg 768w, http:\/\/hauptschule-heidenoldendorf.de\/wp-content\/uploads\/2022\/11\/ausfuehrliche-Schulordnung-1072x1536.jpg 1072w, http:\/\/hauptschule-heidenoldendorf.de\/wp-content\/uploads\/2022\/11\/ausfuehrliche-Schulordnung-1429x2048.jpg 1429w, http:\/\/hauptschule-heidenoldendorf.de\/wp-content\/uploads\/2022\/11\/ausfuehrliche-Schulordnung-1140x1633.jpg 1140w, http:\/\/hauptschule-heidenoldendorf.de\/wp-content\/uploads\/2022\/11\/ausfuehrliche-Schulordnung-scaled.jpg 1787w\" sizes=\"(max-width: 715px) 100vw, 715px\" \/>\t\t\t\t\t\t\t\t\t\t\t\t\t\t\t<\/div>\n\t\t\t\t<\/div>\n\t\t\t\t\t<\/div>\n\t\t<\/div>\n\t\t\t\t\t\t\t<\/div>\n\t\t<\/section>\n\t\t\t\t\t<\/div>\n\t\t<\/div>\n\t\t\t\t\t\t\t<\/div>\n\t\t<\/section>\n\t\t\t\t<section class=\"elementor-section elementor-top-section elementor-element elementor-element-fa148d2 elementor-section-boxed elementor-section-height-default elementor-section-height-default\" data-id=\"fa148d2\" data-element_type=\"section\">\n\t\t\t\t\t\t<div class=\"elementor-container elementor-column-gap-default\">\n\t\t\t\t\t<div class=\"elementor-column elementor-col-100 elementor-top-column elementor-element elementor-element-802932a\" data-id=\"802932a\" data-element_type=\"column\">\n\t\t\t<div class=\"elementor-widget-wrap elementor-element-populated\">\n\t\t\t\t\t\t\t\t<div class=\"elementor-element elementor-element-f660d21 elementor-widget elementor-widget-text-editor\" data-id=\"f660d21\" data-element_type=\"widget\" data-widget_type=\"text-editor.default\">\n\t\t\t\t<div class=\"elementor-widget-container\">\n\t\t\t\t\t\t\t<h2><u>Schulordnung<\/u><\/h2><p>Die Schulordnung stellt f\u00fcr alle Menschen, die sich in unserer Schule aufhalten und sie besuchen, einen festen Rahmen f\u00fcr den gemeinsamen Alltag dar.\u00a0Sie ist das Fundament, um ein friedliches Miteinander entstehen zu lassen in dem jeder Mensch so akzeptiert wird, wie er ist.\u00a0Gegenseitige Achtung und R\u00fccksichtnahme sind die St\u00fctzpfeiler dieser Schulordnung. Diese werden gest\u00e4rkt durch die Rechte der Beteiligten und die Leitziele des Erziehungskonzepts der Hauptschule Heidenoldendorf.<\/p><p><strong>Dies sind die Leitgedanken, die unser Miteinander gelingen lassen:<\/strong><\/p><table><tbody><tr><td width=\"201\"><p>Wir sind eine Gemeinschaft.<\/p><\/td><td width=\"201\"><p>Jeder Mensch hat das Recht auf ungest\u00f6rtes Arbeiten und Lernen.<\/p><\/td><td width=\"201\"><p>Wir f\u00fchlen uns verantwortlich f\u00fcr die Schulumgebung<\/p><\/td><\/tr><\/tbody><\/table><p>Was wir als Schulgemeinschaft darunter verstehen und woran wir uns grunds\u00e4tzlich halten wollen, ergibt sich aus den Unterpunkten zu den Leitgedanken, die wir im Folgenden ausf\u00fchrlicher erkl\u00e4ren:<\/p><p><strong>Wir sind eine Gemeinschaft:<\/strong><\/p><p><em>Der freundliche und aufgeschlossene Umgang miteinander sichert Freundschaften und schult f\u00fcr das \u201eLeben au\u00dferhalb der Schule\u201c.<\/em><\/p><ul><li>Das Mitbringen und der Konsum von Rauschmitteln, wie z.B. Alkohol oder Drogen, ist strengstens verboten und besonders schwer geahndet.<\/li><li>Der respektvolle Umgang miteinander wird vorausgesetzt:<br \/>Es ist nicht erlaubt, an dieser Schule verbale oder physische Gewalt auszu\u00fcben.<br \/>An dieser Schule wird niemand geschlagen, beleidigt oder gemobbt.<\/li><li>Fremdes Eigentum \u2013 sowohl jenes der Schule als auch jenes anderer Personen \u2013 wird pfleglich behandelt und geachtet. Fremdes Eigentum wird weder verschmutzt, besch\u00e4digt noch entwendet.<\/li><li>Alle am Schulleben Beteiligten sind dazu aufgefordert, R\u00fccksicht aufeinander zu nehmen. An unserer Schule soll sich jede Person wohlf\u00fchlen k\u00f6nnen.<\/li><li>Handys m\u00fcssen w\u00e4hrend des gesamten Schultages auf dem Schulgel\u00e4nde ausgeschaltet werden und d\u00fcrfen nicht sichtbar sein. Dies gilt ebenso f\u00fcr MP3-Player und andere digitale Medien, wie z.B. Smartwatches. Das Tragen der zugeh\u00f6rigen Kopfh\u00f6rer ist ebenfalls nicht gestattet.<\/li><li>Auf dem gesamten Schulgel\u00e4nde ist angemessene Kleidung zu tragen. Jegliche Outdoorbekleidung, wie z.B. Jacken, Caps, M\u00fctzen etc., ist vor dem Unterricht abzulegen.<\/li><\/ul><p><strong>Jeder Mensch hat das Recht auf ungest\u00f6rtes Arbeiten und Lernen.<\/strong><\/p><p><em><u>Vor dem Unterricht<\/u><\/em>:<\/p><ul><li>Rad- und Kraftfahrer fahren auf unserem Schulgel\u00e4nde langsam und r\u00fccksichtsvoll.<\/li><li>Jeder am Schulleben Beteiligte erscheint p\u00fcnktlich.<\/li><li>Im Falle einer Erkrankung werden Sch\u00fclerinnen und Sch\u00fcler vor Unterrichtsbeginn durch ihre Erziehungsberechtigten telefonisch oder per E-Mail krank gemeldet und bringen am Tag ihres Wiedererscheinens eine schriftliche Entschuldigung mit in die Schule.<\/li><li>Die Schulgeb\u00e4ude werden erst zusammen mit der jeweiligen Lehrkraft betreten. Sch\u00fclerinnen und Sch\u00fcler warten vor den Eing\u00e4ngen der jeweiligen Geb\u00e4ude nach Klassen gruppiert. Einzige Ausnahme bildet der Trakt B\/C, dieser darf mit dem Vorgong betreten werden.<\/li><li>Der Sch\u00fclertreff darf vor dem Unterricht bereits aufgesucht werden.<\/li><li>Ist 5 Minuten nach Beginn der jeweiligen Unterrichtsstunde noch keine Lehrkraft erschienen, sagt der Klassensprecher\/die Klassensprecherin im B\u00fcro Bescheid.<\/li><\/ul><p><em><u>W\u00e4hrend des Unterrichts<\/u><\/em>:<\/p><ul><li>Im Unterricht wird weder gegessen, noch wird Kaugummi gekaut.<\/li><li>Die Arbeitsmittel liegen zu Beginn des Unterrichts am Platz.<\/li><li>Die Hausaufgaben werden ordentlich und gewissenhaft bearbeitet.<\/li><li>W\u00e4hrend des Unterrichts werden keine Sch\u00fcler\/innen vor die T\u00fcr gestellt. Nicht zuletzt aus Gr\u00fcnden der Aufsichtspflicht ist dies nicht gestattet.<\/li><li>Um einen ordnungsgem\u00e4\u00dfen Unterricht gestalten zu k\u00f6nnen, kann die Lehrkraft jedoch entscheiden, dass ein Sch\u00fcler\/eine Sch\u00fclerin zeitweise im Differenzierungsraum beschult wird, wenn eine Aufsicht zu jeder Zeit gew\u00e4hrleistet werden kann. Allein arbeitende Sch\u00fclerinnen und Sch\u00fcler werden w\u00e4hrend dieser Zeiten grunds\u00e4tzlich mit Arbeitsmaterial und Aufgaben durch die Lehrkraft versorgt.<\/li><li>Der Unterricht wird durch die Lehrkraft beendet.<\/li><li>In den Wechselpausen verlassen die Sch\u00fclerinnen und Sch\u00fcler nur dann den Klassenraum, wenn sie in der sich anschlie\u00dfenden Unterrichtsstunde in einem anderen Raum unterrichtet werden. Findet der Unterricht in der Folgestunde im selben Raum statt, verlassen die Sch\u00fclerinnen und Sch\u00fcler diesen nicht. Die Mensa ist in den Wechselpausen nicht ge\u00f6ffnet.<\/li><li>Toiletteng\u00e4nge finden in den gro\u00dfen Pausen und nur in absoluten Ausnahmef\u00e4llen, z.B. bei Erkrankungen, im Verlauf einer Unterrichtsstunde statt.<\/li><\/ul><p><strong>Wir f\u00fchlen uns verantwortlich f\u00fcr die Schulumgebung<\/strong><\/p><p><em><u>In den Pausen<\/u><\/em>:<\/p><ul><li>Wir verlassen die Schulgeb\u00e4ude zu den Pausen z\u00fcgig und durch die offiziellen Ausg\u00e4nge.<\/li><li>Zum Pausengel\u00e4nde z\u00e4hlen wir den kleinen Schulhof vor dem A-Geb\u00e4ude, den gro\u00dfen Schulhof vor dem E-Geb\u00e4ude sowie den Sportplatz mit dem vorgelagerten Weg. Dieser endet vor der Br\u00fcck und vor den Glascontainern.<\/li><li>Das Schulgel\u00e4nde wird w\u00e4hrend des gesamten Schultages nicht verlassen. Ausnahmen gelten f\u00fcr die 9.- und 10.-Kl\u00e4ssler und sind in dem entsprechenden Pausenkonzept n\u00e4her beschrieben.<\/li><li>Die Mensa und der Sportplatz werden unter Beachtung der jeweiligen Regeln entsprechend genutzt.<\/li><li>Abf\u00e4lle und M\u00fcll werfen wir in die daf\u00fcr vorgesehenen Beh\u00e4lter. Der wechselnde Hofdienst sorgt f\u00fcr zus\u00e4tzliche Sauberkeit sowie f\u00fcr die Kontrolle des sorgsamen Umgangs.<\/li><li>Ballspiele finden nur auf den daf\u00fcr vorgesehenen Fl\u00e4chen statt. Wir spielen weder in den Geb\u00e4uden noch auf den Schulh\u00f6fen mit B\u00e4llen jeglicher Art. Auf dem Sportplatz halten wir die st\u00e4dtische Nutzungsordnung unbedingt ein.<\/li><\/ul><p><strong>Alle am Schulleben Beteiligten\u00a0<\/strong><strong>verpflichten sich zur Einhaltung\u00a0<\/strong><strong>unserer Schulordnung\u00a0<\/strong><strong>und\u00a0<\/strong><strong>achten somit das Fundament\u00a0<\/strong><strong>f\u00fcr ein friedliches Miteinander,\u00a0<\/strong><strong>in dem jeder Mensch so akzeptiert wird, wie er ist.<\/strong><\/p>\t\t\t\t\t\t<\/div>\n\t\t\t\t<\/div>\n\t\t\t\t\t<\/div>\n\t\t<\/div>\n\t\t\t\t\t\t\t<\/div>\n\t\t<\/section>\n\t\t\t\t\t\t\t<\/div>\n\t\t","protected":false},"excerpt":{"rendered":"<p>In unserer Klasse gelten 3 Hauptregeln Jeder Sch\u00fcler und jede Sch\u00fclerin hat das Recht ungest\u00f6rt zu lernen. Jeder Lehrer und jede Lehrerin hat das Recht ungest\u00f6rt zu unterrichten. Jeder muss die Rechte der anderen respektieren. Daraus folgen Regeln, die unsere 3 Hauptregeln erkl\u00e4ren: Ich erscheine p\u00fcnktlich zum Unterricht. Ich nehme meine Cap oder M\u00fctze ab und ziehe meine Jacke aus. Ich halte meine Unterrichtsmaterialien bereit. Ich packe die Dinge (auch Handy, Kopfh\u00f6rer usw.), die nicht zum Unterricht geh\u00f6ren, in meine Tasche. Ich passe im Unterricht auf und h\u00f6re zu, wenn andere sprechen. Ich melde mich, wenn ich etwas sagen m\u00f6chte, und warte, bis ich aufgerufen werde. Ich bleibe w\u00e4hrend des Unterrichts auf meinem Platz sitzen. Ich spreche h\u00f6flich und beleidige niemanden. Ich gehe r\u00fccksichtsvoll mit anderen um und lache niemanden aus. Ich befolge die Anweisungen des Lehrers oder der Lehrerin. Ich esse nicht im Unterricht und kaue kein Kaugummi. Wenn ich w\u00e4hrend des Unterrichts Durst bekomme, trinke ich Wasser. Ich achte das Eigentum anderer. Ich verbringe die Wechselpausen in der Klasse, wenn wir den Klassenraum nicht wechseln. Ich f\u00fchre Ordnungsdienste und Klassendienste gewissenhaft aus. Im Unterricht spreche ich deutsch. Schulordnung Die Schulordnung stellt f\u00fcr alle Menschen, die sich in unserer Schule aufhalten und sie besuchen, einen festen Rahmen f\u00fcr den gemeinsamen Alltag dar.\u00a0Sie ist das Fundament, um ein friedliches Miteinander entstehen zu lassen in dem jeder Mensch so akzeptiert wird, wie er ist.\u00a0Gegenseitige Achtung und R\u00fccksichtnahme sind die St\u00fctzpfeiler dieser Schulordnung. Diese werden gest\u00e4rkt durch die Rechte der Beteiligten und die Leitziele des Erziehungskonzepts der Hauptschule Heidenoldendorf. Dies sind die Leitgedanken, die unser Miteinander gelingen lassen: Wir sind eine Gemeinschaft. Jeder Mensch hat das Recht auf ungest\u00f6rtes Arbeiten und Lernen. Wir f\u00fchlen uns verantwortlich f\u00fcr die Schulumgebung Was wir als Schulgemeinschaft darunter verstehen und woran wir uns grunds\u00e4tzlich halten wollen, ergibt sich aus den Unterpunkten zu den Leitgedanken, die wir im Folgenden ausf\u00fchrlicher erkl\u00e4ren: Wir sind eine Gemeinschaft: Der freundliche und aufgeschlossene Umgang miteinander sichert Freundschaften und schult f\u00fcr das \u201eLeben au\u00dferhalb der Schule\u201c. Das Mitbringen und der Konsum von Rauschmitteln, wie z.B. Alkohol oder Drogen, ist strengstens verboten und besonders schwer geahndet. Der respektvolle Umgang miteinander wird vorausgesetzt:Es ist nicht erlaubt, an dieser Schule verbale oder physische Gewalt auszu\u00fcben.An dieser Schule wird niemand geschlagen, beleidigt oder gemobbt. Fremdes Eigentum \u2013 sowohl jenes der Schule als auch jenes anderer Personen \u2013 wird pfleglich behandelt und geachtet. Fremdes Eigentum wird weder verschmutzt, besch\u00e4digt noch entwendet. Alle am Schulleben Beteiligten sind dazu aufgefordert, R\u00fccksicht aufeinander zu nehmen. An unserer Schule soll sich jede Person wohlf\u00fchlen k\u00f6nnen. Handys m\u00fcssen w\u00e4hrend des gesamten Schultages auf dem Schulgel\u00e4nde ausgeschaltet werden und d\u00fcrfen nicht sichtbar sein. Dies gilt ebenso f\u00fcr MP3-Player und andere digitale Medien, wie z.B. Smartwatches. Das Tragen der zugeh\u00f6rigen Kopfh\u00f6rer ist ebenfalls nicht gestattet. Auf dem gesamten Schulgel\u00e4nde ist angemessene Kleidung zu tragen. Jegliche Outdoorbekleidung, wie z.B. Jacken, Caps, M\u00fctzen etc., ist vor dem Unterricht abzulegen. Jeder Mensch hat das Recht auf ungest\u00f6rtes Arbeiten und Lernen. Vor dem Unterricht: Rad- und Kraftfahrer fahren auf unserem Schulgel\u00e4nde langsam und r\u00fccksichtsvoll. Jeder am Schulleben Beteiligte erscheint p\u00fcnktlich. Im Falle einer Erkrankung werden Sch\u00fclerinnen und Sch\u00fcler vor Unterrichtsbeginn durch ihre Erziehungsberechtigten telefonisch oder per E-Mail krank gemeldet und bringen am Tag ihres Wiedererscheinens eine schriftliche Entschuldigung mit in die Schule. Die Schulgeb\u00e4ude werden erst zusammen mit der jeweiligen Lehrkraft betreten. Sch\u00fclerinnen und Sch\u00fcler warten vor den Eing\u00e4ngen der jeweiligen Geb\u00e4ude nach Klassen gruppiert. Einzige Ausnahme bildet der Trakt B\/C, dieser darf mit dem Vorgong betreten werden. Der Sch\u00fclertreff darf vor dem Unterricht bereits aufgesucht werden. Ist 5 Minuten nach Beginn der jeweiligen Unterrichtsstunde noch keine Lehrkraft erschienen, sagt der Klassensprecher\/die Klassensprecherin im B\u00fcro Bescheid. W\u00e4hrend des Unterrichts: Im Unterricht wird weder gegessen, noch wird Kaugummi gekaut. Die Arbeitsmittel liegen zu Beginn des Unterrichts am Platz. Die Hausaufgaben werden ordentlich und gewissenhaft bearbeitet. W\u00e4hrend des Unterrichts werden keine Sch\u00fcler\/innen vor die T\u00fcr gestellt. Nicht zuletzt aus Gr\u00fcnden der Aufsichtspflicht ist dies nicht gestattet. Um einen ordnungsgem\u00e4\u00dfen Unterricht gestalten zu k\u00f6nnen, kann die Lehrkraft jedoch entscheiden, dass ein Sch\u00fcler\/eine Sch\u00fclerin zeitweise im Differenzierungsraum beschult wird, wenn eine Aufsicht zu jeder Zeit gew\u00e4hrleistet werden kann. Allein arbeitende Sch\u00fclerinnen und Sch\u00fcler werden w\u00e4hrend dieser Zeiten grunds\u00e4tzlich mit Arbeitsmaterial und Aufgaben durch die Lehrkraft versorgt. Der Unterricht wird durch die Lehrkraft beendet. In den Wechselpausen verlassen die Sch\u00fclerinnen und Sch\u00fcler nur dann den Klassenraum, wenn sie in der sich anschlie\u00dfenden Unterrichtsstunde in einem anderen Raum unterrichtet werden. Findet der Unterricht in der Folgestunde im selben Raum statt, verlassen die Sch\u00fclerinnen und Sch\u00fcler diesen nicht. Die Mensa ist in den Wechselpausen nicht ge\u00f6ffnet. Toiletteng\u00e4nge finden in den gro\u00dfen Pausen und nur in absoluten Ausnahmef\u00e4llen, z.B. bei Erkrankungen, im Verlauf einer Unterrichtsstunde statt. Wir f\u00fchlen uns verantwortlich f\u00fcr die Schulumgebung In den Pausen: Wir verlassen die Schulgeb\u00e4ude zu den Pausen z\u00fcgig und durch die offiziellen Ausg\u00e4nge. Zum Pausengel\u00e4nde z\u00e4hlen wir den kleinen Schulhof vor dem A-Geb\u00e4ude, den gro\u00dfen Schulhof vor dem E-Geb\u00e4ude sowie den Sportplatz mit dem vorgelagerten Weg. Dieser endet vor der Br\u00fcck und vor den Glascontainern. Das Schulgel\u00e4nde wird w\u00e4hrend des gesamten Schultages nicht verlassen. Ausnahmen gelten f\u00fcr die 9.- und 10.-Kl\u00e4ssler und sind in dem entsprechenden Pausenkonzept n\u00e4her beschrieben. Die Mensa und der Sportplatz werden unter Beachtung der jeweiligen Regeln entsprechend genutzt. Abf\u00e4lle und M\u00fcll werfen wir in die daf\u00fcr vorgesehenen Beh\u00e4lter. Der wechselnde Hofdienst sorgt f\u00fcr zus\u00e4tzliche Sauberkeit sowie f\u00fcr die Kontrolle des sorgsamen Umgangs. Ballspiele finden nur auf den daf\u00fcr vorgesehenen Fl\u00e4chen statt. Wir spielen weder in den Geb\u00e4uden noch auf den Schulh\u00f6fen mit B\u00e4llen jeglicher Art. Auf dem Sportplatz halten wir die st\u00e4dtische Nutzungsordnung unbedingt ein. Alle am Schulleben Beteiligten\u00a0verpflichten sich zur Einhaltung\u00a0unserer Schulordnung\u00a0und\u00a0achten somit das Fundament\u00a0f\u00fcr ein friedliches Miteinander,\u00a0in dem jeder Mensch so akzeptiert wird, wie er ist.<\/p>\n","protected":false},"author":1,"featured_media":0,"parent":0,"menu_order":0,"comment_status":"closed","ping_status":"closed","template":"","meta":[],"_links":{"self":[{"href":"http:\/\/hauptschule-heidenoldendorf.de\/index.php?rest_route=\/wp\/v2\/pages\/32"}],"collection":[{"href":"http:\/\/hauptschule-heidenoldendorf.de\/index.php?rest_route=\/wp\/v2\/pages"}],"about":[{"href":"http:\/\/hauptschule-heidenoldendorf.de\/index.php?rest_route=\/wp\/v2\/types\/page"}],"author":[{"embeddable":true,"href":"http:\/\/hauptschule-heidenoldendorf.de\/index.php?rest_route=\/wp\/v2\/users\/1"}],"replies":[{"embeddable":true,"href":"http:\/\/hauptschule-heidenoldendorf.de\/index.php?rest_route=%2Fwp%2Fv2%2Fcomments&post=32"}],"version-history":[{"count":4,"href":"http:\/\/hauptschule-heidenoldendorf.de\/index.php?rest_route=\/wp\/v2\/pages\/32\/revisions"}],"predecessor-version":[{"id":356,"href":"http:\/\/hauptschule-heidenoldendorf.de\/index.php?rest_route=\/wp\/v2\/pages\/32\/revisions\/356"}],"wp:attachment":[{"href":"http:\/\/hauptschule-heidenoldendorf.de\/index.php?rest_route=%2Fwp%2Fv2%2Fmedia&parent=32"}],"curies":[{"name":"wp","href":"https:\/\/api.w.org\/{rel}","templated":true}]}}