{"id":31,"date":"2022-08-04T12:50:04","date_gmt":"2022-08-04T12:50:04","guid":{"rendered":"http:\/\/hauptschule-heidenoldendorf.de\/?page_id=31"},"modified":"2023-06-22T09:11:43","modified_gmt":"2023-06-22T09:11:43","slug":"praktikum","status":"publish","type":"page","link":"http:\/\/hauptschule-heidenoldendorf.de\/?page_id=31","title":{"rendered":"Praktikum"},"content":{"rendered":"\t\t<div data-elementor-type=\"wp-page\" data-elementor-id=\"31\" class=\"elementor elementor-31\">\n\t\t\t\t\t\t\t\t\t<section class=\"elementor-section elementor-top-section elementor-element elementor-element-542331a elementor-section-boxed elementor-section-height-default elementor-section-height-default\" data-id=\"542331a\" data-element_type=\"section\">\n\t\t\t\t\t\t<div class=\"elementor-container elementor-column-gap-default\">\n\t\t\t\t\t<div class=\"elementor-column elementor-col-100 elementor-top-column elementor-element elementor-element-1f2e476\" data-id=\"1f2e476\" data-element_type=\"column\">\n\t\t\t<div class=\"elementor-widget-wrap elementor-element-populated\">\n\t\t\t\t\t\t\t\t<section class=\"elementor-section elementor-inner-section elementor-element elementor-element-8c85558 elementor-section-boxed elementor-section-height-default elementor-section-height-default\" data-id=\"8c85558\" data-element_type=\"section\">\n\t\t\t\t\t\t<div class=\"elementor-container elementor-column-gap-default\">\n\t\t\t\t\t<div class=\"elementor-column elementor-col-50 elementor-inner-column elementor-element elementor-element-c097b74\" data-id=\"c097b74\" data-element_type=\"column\">\n\t\t\t<div class=\"elementor-widget-wrap elementor-element-populated\">\n\t\t\t\t\t\t\t\t<div class=\"elementor-element elementor-element-0abe80b elementor-widget elementor-widget-text-editor\" data-id=\"0abe80b\" data-element_type=\"widget\" data-widget_type=\"text-editor.default\">\n\t\t\t\t<div class=\"elementor-widget-container\">\n\t\t\t<style>\/*! elementor - v3.6.8 - 27-07-2022 *\/\n.elementor-widget-text-editor.elementor-drop-cap-view-stacked .elementor-drop-cap{background-color:#818a91;color:#fff}.elementor-widget-text-editor.elementor-drop-cap-view-framed .elementor-drop-cap{color:#818a91;border:3px solid;background-color:transparent}.elementor-widget-text-editor:not(.elementor-drop-cap-view-default) .elementor-drop-cap{margin-top:8px}.elementor-widget-text-editor:not(.elementor-drop-cap-view-default) .elementor-drop-cap-letter{width:1em;height:1em}.elementor-widget-text-editor .elementor-drop-cap{float:left;text-align:center;line-height:1;font-size:50px}.elementor-widget-text-editor .elementor-drop-cap-letter{display:inline-block}<\/style>\t\t\t\t<p><strong>Hier findet ihr die Unterlagen f\u00fcr euer Praktikum:<\/strong><\/p><p>Erkl\u00e4rung des Praktikumsbetriebs f\u00fcr den Jahrgang 9<\/p><p><a href=\"http:\/\/hauptschule-heidenoldendorf.de\/wp-content\/uploads\/2023\/06\/Erklrung-der-Betriebe-Jahrgang-9-.pdf\" target=\"_blank\" rel=\"noopener\">Erkl\u00e4rung der Betriebe Jahrgang 9<\/a><strong><br \/><\/strong><\/p><p>\u00a0<\/p><p>Erkl\u00e4rung des Praktikumsbetriebs f\u00fcr den Jahrgang 10<\/p><p><a href=\"http:\/\/hauptschule-heidenoldendorf.de\/wp-content\/uploads\/2023\/06\/Erklrung-der-Betriebe-Jahrgang-10-.pdf\" target=\"_blank\" rel=\"noopener\">Erl\u00e4rung der Betriebe Jahrgang 10<\/a><\/p>\t\t\t\t\t\t<\/div>\n\t\t\t\t<\/div>\n\t\t\t\t\t<\/div>\n\t\t<\/div>\n\t\t\t\t<div class=\"elementor-column elementor-col-50 elementor-inner-column elementor-element elementor-element-d39fed3\" data-id=\"d39fed3\" data-element_type=\"column\">\n\t\t\t<div class=\"elementor-widget-wrap elementor-element-populated\">\n\t\t\t\t\t\t\t\t<div class=\"elementor-element elementor-element-8b040a0 elementor-widget elementor-widget-image\" data-id=\"8b040a0\" data-element_type=\"widget\" data-widget_type=\"image.default\">\n\t\t\t\t<div class=\"elementor-widget-container\">\n\t\t\t<style>\/*! elementor - v3.6.8 - 27-07-2022 *\/\n.elementor-widget-image{text-align:center}.elementor-widget-image a{display:inline-block}.elementor-widget-image a img[src$=\".svg\"]{width:48px}.elementor-widget-image img{vertical-align:middle;display:inline-block}<\/style>\t\t\t\t\t\t\t\t\t\t\t\t<img width=\"768\" height=\"1024\" src=\"http:\/\/hauptschule-heidenoldendorf.de\/wp-content\/uploads\/2022\/11\/Schulgelaende-2-768x1024.jpg\" class=\"attachment-large size-large\" alt=\"\" loading=\"lazy\" srcset=\"http:\/\/hauptschule-heidenoldendorf.de\/wp-content\/uploads\/2022\/11\/Schulgelaende-2-768x1024.jpg 768w, http:\/\/hauptschule-heidenoldendorf.de\/wp-content\/uploads\/2022\/11\/Schulgelaende-2-225x300.jpg 225w, http:\/\/hauptschule-heidenoldendorf.de\/wp-content\/uploads\/2022\/11\/Schulgelaende-2-1152x1536.jpg 1152w, http:\/\/hauptschule-heidenoldendorf.de\/wp-content\/uploads\/2022\/11\/Schulgelaende-2-1140x1520.jpg 1140w, http:\/\/hauptschule-heidenoldendorf.de\/wp-content\/uploads\/2022\/11\/Schulgelaende-2.jpg 1200w\" sizes=\"(max-width: 768px) 100vw, 768px\" \/>\t\t\t\t\t\t\t\t\t\t\t\t\t\t\t<\/div>\n\t\t\t\t<\/div>\n\t\t\t\t\t<\/div>\n\t\t<\/div>\n\t\t\t\t\t\t\t<\/div>\n\t\t<\/section>\n\t\t\t\t\t<\/div>\n\t\t<\/div>\n\t\t\t\t\t\t\t<\/div>\n\t\t<\/section>\n\t\t\t\t<section class=\"elementor-section elementor-top-section elementor-element elementor-element-fb48e41 elementor-section-boxed elementor-section-height-default elementor-section-height-default\" data-id=\"fb48e41\" data-element_type=\"section\">\n\t\t\t\t\t\t<div class=\"elementor-container elementor-column-gap-default\">\n\t\t\t\t\t<div class=\"elementor-column elementor-col-50 elementor-top-column elementor-element elementor-element-eff46b3\" data-id=\"eff46b3\" data-element_type=\"column\">\n\t\t\t<div class=\"elementor-widget-wrap\">\n\t\t\t\t\t\t\t\t\t<\/div>\n\t\t<\/div>\n\t\t\t\t<div class=\"elementor-column elementor-col-50 elementor-top-column elementor-element elementor-element-e761246\" data-id=\"e761246\" data-element_type=\"column\">\n\t\t\t<div class=\"elementor-widget-wrap\">\n\t\t\t\t\t\t\t\t\t<\/div>\n\t\t<\/div>\n\t\t\t\t\t\t\t<\/div>\n\t\t<\/section>\n\t\t\t\t\t\t\t<\/div>\n\t\t","protected":false},"excerpt":{"rendered":"<p>Hier findet ihr die Unterlagen f\u00fcr euer Praktikum: Erkl\u00e4rung des Praktikumsbetriebs f\u00fcr den Jahrgang 9 Erkl\u00e4rung der Betriebe Jahrgang 9 \u00a0 Erkl\u00e4rung des Praktikumsbetriebs f\u00fcr den Jahrgang 10 Erl\u00e4rung der Betriebe Jahrgang 10<\/p>\n","protected":false},"author":1,"featured_media":0,"parent":0,"menu_order":0,"comment_status":"closed","ping_status":"closed","template":"","meta":[],"_links":{"self":[{"href":"http:\/\/hauptschule-heidenoldendorf.de\/index.php?rest_route=\/wp\/v2\/pages\/31"}],"collection":[{"href":"http:\/\/hauptschule-heidenoldendorf.de\/index.php?rest_route=\/wp\/v2\/pages"}],"about":[{"href":"http:\/\/hauptschule-heidenoldendorf.de\/index.php?rest_route=\/wp\/v2\/types\/page"}],"author":[{"embeddable":true,"href":"http:\/\/hauptschule-heidenoldendorf.de\/index.php?rest_route=\/wp\/v2\/users\/1"}],"replies":[{"embeddable":true,"href":"http:\/\/hauptschule-heidenoldendorf.de\/index.php?rest_route=%2Fwp%2Fv2%2Fcomments&post=31"}],"version-history":[{"count":21,"href":"http:\/\/hauptschule-heidenoldendorf.de\/index.php?rest_route=\/wp\/v2\/pages\/31\/revisions"}],"predecessor-version":[{"id":848,"href":"http:\/\/hauptschule-heidenoldendorf.de\/index.php?rest_route=\/wp\/v2\/pages\/31\/revisions\/848"}],"wp:attachment":[{"href":"http:\/\/hauptschule-heidenoldendorf.de\/index.php?rest_route=%2Fwp%2Fv2%2Fmedia&parent=31"}],"curies":[{"name":"wp","href":"https:\/\/api.w.org\/{rel}","templated":true}]}}