{"id":30,"date":"2022-08-04T12:50:04","date_gmt":"2022-08-04T12:50:04","guid":{"rendered":"http:\/\/hauptschule-heidenoldendorf.de\/?page_id=30"},"modified":"2023-05-21T10:23:11","modified_gmt":"2023-05-21T10:23:11","slug":"schueler-innen","status":"publish","type":"page","link":"http:\/\/hauptschule-heidenoldendorf.de\/?page_id=30","title":{"rendered":"Sch\u00fcler\/innen"},"content":{"rendered":"\t\t<div data-elementor-type=\"wp-page\" data-elementor-id=\"30\" class=\"elementor elementor-30\">\n\t\t\t\t\t\t\t\t\t<section class=\"elementor-section elementor-top-section elementor-element elementor-element-640a5c3 elementor-section-boxed elementor-section-height-default elementor-section-height-default\" data-id=\"640a5c3\" data-element_type=\"section\">\n\t\t\t\t\t\t<div class=\"elementor-container elementor-column-gap-default\">\n\t\t\t\t\t<div class=\"elementor-column elementor-col-100 elementor-top-column elementor-element elementor-element-41a6320\" data-id=\"41a6320\" data-element_type=\"column\">\n\t\t\t<div class=\"elementor-widget-wrap elementor-element-populated\">\n\t\t\t\t\t\t\t\t<section class=\"elementor-section elementor-inner-section elementor-element elementor-element-e2123c6 elementor-section-boxed elementor-section-height-default elementor-section-height-default\" data-id=\"e2123c6\" data-element_type=\"section\">\n\t\t\t\t\t\t<div class=\"elementor-container elementor-column-gap-default\">\n\t\t\t\t\t<div class=\"elementor-column elementor-col-50 elementor-inner-column elementor-element elementor-element-6d84d1f\" data-id=\"6d84d1f\" data-element_type=\"column\">\n\t\t\t<div class=\"elementor-widget-wrap elementor-element-populated\">\n\t\t\t\t\t\t\t\t<div class=\"elementor-element elementor-element-2a3fac7 elementor-widget elementor-widget-image\" data-id=\"2a3fac7\" data-element_type=\"widget\" data-widget_type=\"image.default\">\n\t\t\t\t<div class=\"elementor-widget-container\">\n\t\t\t<style>\/*! elementor - v3.6.8 - 27-07-2022 *\/\n.elementor-widget-image{text-align:center}.elementor-widget-image a{display:inline-block}.elementor-widget-image a img[src$=\".svg\"]{width:48px}.elementor-widget-image img{vertical-align:middle;display:inline-block}<\/style>\t\t\t\t\t\t\t\t\t\t\t\t<img width=\"960\" height=\"720\" src=\"http:\/\/hauptschule-heidenoldendorf.de\/wp-content\/uploads\/2022\/08\/20211115_145430-1024x768.jpg\" class=\"attachment-large size-large\" alt=\"\" loading=\"lazy\" srcset=\"http:\/\/hauptschule-heidenoldendorf.de\/wp-content\/uploads\/2022\/08\/20211115_145430-1024x768.jpg 1024w, http:\/\/hauptschule-heidenoldendorf.de\/wp-content\/uploads\/2022\/08\/20211115_145430-300x225.jpg 300w, http:\/\/hauptschule-heidenoldendorf.de\/wp-content\/uploads\/2022\/08\/20211115_145430-768x576.jpg 768w, http:\/\/hauptschule-heidenoldendorf.de\/wp-content\/uploads\/2022\/08\/20211115_145430-1536x1152.jpg 1536w, http:\/\/hauptschule-heidenoldendorf.de\/wp-content\/uploads\/2022\/08\/20211115_145430-2048x1536.jpg 2048w, http:\/\/hauptschule-heidenoldendorf.de\/wp-content\/uploads\/2022\/08\/20211115_145430-1140x855.jpg 1140w\" sizes=\"(max-width: 960px) 100vw, 960px\" \/>\t\t\t\t\t\t\t\t\t\t\t\t\t\t\t<\/div>\n\t\t\t\t<\/div>\n\t\t\t\t\t<\/div>\n\t\t<\/div>\n\t\t\t\t<div class=\"elementor-column elementor-col-50 elementor-inner-column elementor-element elementor-element-4fc57b8\" data-id=\"4fc57b8\" data-element_type=\"column\">\n\t\t\t<div class=\"elementor-widget-wrap elementor-element-populated\">\n\t\t\t\t\t\t\t\t<div class=\"elementor-element elementor-element-c42e4ce elementor-widget elementor-widget-text-editor\" data-id=\"c42e4ce\" data-element_type=\"widget\" data-widget_type=\"text-editor.default\">\n\t\t\t\t<div class=\"elementor-widget-container\">\n\t\t\t<style>\/*! elementor - v3.6.8 - 27-07-2022 *\/\n.elementor-widget-text-editor.elementor-drop-cap-view-stacked .elementor-drop-cap{background-color:#818a91;color:#fff}.elementor-widget-text-editor.elementor-drop-cap-view-framed .elementor-drop-cap{color:#818a91;border:3px solid;background-color:transparent}.elementor-widget-text-editor:not(.elementor-drop-cap-view-default) .elementor-drop-cap{margin-top:8px}.elementor-widget-text-editor:not(.elementor-drop-cap-view-default) .elementor-drop-cap-letter{width:1em;height:1em}.elementor-widget-text-editor .elementor-drop-cap{float:left;text-align:center;line-height:1;font-size:50px}.elementor-widget-text-editor .elementor-drop-cap-letter{display:inline-block}<\/style>\t\t\t\t<p>Hier gibt es wichtige Informationen f\u00fcr die Sch\u00fcler und Sch\u00fclerinnen der HSH.<\/p><p>Zum Beispiel wichtige Formulare rund um das Praktikum, Regeln und Informationen zu den BerEBs. Auch unsere neusten Projekte kannst du hier finden.<\/p>\t\t\t\t\t\t<\/div>\n\t\t\t\t<\/div>\n\t\t\t\t\t<\/div>\n\t\t<\/div>\n\t\t\t\t\t\t\t<\/div>\n\t\t<\/section>\n\t\t\t\t\t<\/div>\n\t\t<\/div>\n\t\t\t\t\t\t\t<\/div>\n\t\t<\/section>\n\t\t\t\t\t\t\t<\/div>\n\t\t","protected":false},"excerpt":{"rendered":"<p>Hier gibt es wichtige Informationen f\u00fcr die Sch\u00fcler und Sch\u00fclerinnen der HSH. Zum Beispiel wichtige Formulare rund um das Praktikum, Regeln und Informationen zu den BerEBs. Auch unsere neusten Projekte kannst du hier finden.<\/p>\n","protected":false},"author":1,"featured_media":0,"parent":0,"menu_order":0,"comment_status":"closed","ping_status":"closed","template":"","meta":[],"_links":{"self":[{"href":"http:\/\/hauptschule-heidenoldendorf.de\/index.php?rest_route=\/wp\/v2\/pages\/30"}],"collection":[{"href":"http:\/\/hauptschule-heidenoldendorf.de\/index.php?rest_route=\/wp\/v2\/pages"}],"about":[{"href":"http:\/\/hauptschule-heidenoldendorf.de\/index.php?rest_route=\/wp\/v2\/types\/page"}],"author":[{"embeddable":true,"href":"http:\/\/hauptschule-heidenoldendorf.de\/index.php?rest_route=\/wp\/v2\/users\/1"}],"replies":[{"embeddable":true,"href":"http:\/\/hauptschule-heidenoldendorf.de\/index.php?rest_route=%2Fwp%2Fv2%2Fcomments&post=30"}],"version-history":[{"count":41,"href":"http:\/\/hauptschule-heidenoldendorf.de\/index.php?rest_route=\/wp\/v2\/pages\/30\/revisions"}],"predecessor-version":[{"id":736,"href":"http:\/\/hauptschule-heidenoldendorf.de\/index.php?rest_route=\/wp\/v2\/pages\/30\/revisions\/736"}],"wp:attachment":[{"href":"http:\/\/hauptschule-heidenoldendorf.de\/index.php?rest_route=%2Fwp%2Fv2%2Fmedia&parent=30"}],"curies":[{"name":"wp","href":"https:\/\/api.w.org\/{rel}","templated":true}]}}